{"id":809,"date":"2021-07-10T13:38:50","date_gmt":"2021-07-10T13:38:50","guid":{"rendered":"http:\/\/www.adflyrods.ch\/?post_type=product&#038;p=809"},"modified":"2022-02-02T08:51:32","modified_gmt":"2022-02-02T08:51:32","slug":"watermaster-kodiak","status":"publish","type":"product","link":"http:\/\/www.adflyrods.ch\/?product=watermaster-kodiak","title":{"rendered":"Watermaster Kodiak"},"content":{"rendered":"<pre id=\"tw-target-text\" class=\"tw-data-text tw-text-large XcVN5d tw-ta\" dir=\"ltr\" data-placeholder=\"\u00dcbersetzung\"><span class=\"Y2IQFc\" lang=\"de\"><strong>Wir sind offizieller Vertreter von Watermaster in Europa.<\/strong>\r\n<strong>Die Preise sind ca. 50.- CHF g\u00fcnstiger als wenn du direkt \r\nin den USA bestellst. Berechnet inkl. \r\nWechselkurs Porto und Zoll<\/strong>\r\n\r\n\r\n\r\n\r\nDas Kodiak Raft Package wurde entwickelt, \r\num die Bed\u00fcrfnisse unserer anspruchsvollsten Kunden zu erf\u00fcllen. \r\nDas Kodiak Raft ist gr\u00f6\u00dfer als das Grizzly und verf\u00fcgt \u00fcber \r\neinen spitzen Bug und Heck, die Stabilit\u00e4t, Gewichtskapazit\u00e4t und \r\nRudereffizienz erh\u00f6hen sich dadurch. \r\nDas Kodiak Raft verf\u00fcgt \u00fcber die gleiche Hardware wie das Grizzly und \r\nwird im gleichen gro\u00dfen Rucksack geliefert. Sie sind ein paar Pfund \r\nschwerer, aber genauso kompakt.<\/span><\/pre>\n","protected":false},"excerpt":{"rendered":"<p><img loading=\"lazy\" class=\"alignnone size-medium wp-image-807\" src=\"http:\/\/www.adflyrods.ch\/wp\/wp-content\/uploads\/2021\/07\/85b43b927836ca43fc04fa3465189aa5.water-master-kodiak-featured-620x413-1-300x200.jpg\" alt=\"\" width=\"300\" height=\"200\" \/><\/p>\n","protected":false},"featured_media":806,"comment_status":"closed","ping_status":"closed","template":"","meta":[],"product_cat":[256],"product_tag":[258,257],"_links":{"self":[{"href":"http:\/\/www.adflyrods.ch\/index.php?rest_route=\/wp\/v2\/product\/809"}],"collection":[{"href":"http:\/\/www.adflyrods.ch\/index.php?rest_route=\/wp\/v2\/product"}],"about":[{"href":"http:\/\/www.adflyrods.ch\/index.php?rest_route=\/wp\/v2\/types\/product"}],"replies":[{"embeddable":true,"href":"http:\/\/www.adflyrods.ch\/index.php?rest_route=%2Fwp%2Fv2%2Fcomments&post=809"}],"wp:featuredmedia":[{"embeddable":true,"href":"http:\/\/www.adflyrods.ch\/index.php?rest_route=\/wp\/v2\/media\/806"}],"wp:attachment":[{"href":"http:\/\/www.adflyrods.ch\/index.php?rest_route=%2Fwp%2Fv2%2Fmedia&parent=809"}],"wp:term":[{"taxonomy":"product_cat","embeddable":true,"href":"http:\/\/www.adflyrods.ch\/index.php?rest_route=%2Fwp%2Fv2%2Fproduct_cat&post=809"},{"taxonomy":"product_tag","embeddable":true,"href":"http:\/\/www.adflyrods.ch\/index.php?rest_route=%2Fwp%2Fv2%2Fproduct_tag&post=809"}],"curies":[{"name":"wp","href":"https:\/\/api.w.org\/{rel}","templated":true}]}}