{"id":566,"date":"2018-03-19T21:47:56","date_gmt":"2018-03-19T21:47:56","guid":{"rendered":"http:\/\/www.adflyrods.ch\/?post_type=product&#038;p=566"},"modified":"2022-11-10T19:50:08","modified_gmt":"2022-11-10T19:50:08","slug":"rec-nbgs-dk-2-7","status":"publish","type":"product","link":"http:\/\/www.adflyrods.ch\/?product=rec-nbgs-dk-2-7","title":{"rendered":"REC-NBGS-DK # 2-7"},"content":{"rendered":"","protected":false},"excerpt":{"rendered":"<p>Sehr hochwertig verarbeitete Nickel Silber Rollenhalter ( Top Qualit\u00e4t). Der richtige Rollenhalter f\u00fcr die jenen die gerne noch etwas mehr Verzierungen haben m\u00f6chten. Mutter und Endst\u00fcck mit einem Diagonal Knurl.<\/p>\n<p>Holz: Chesnut<\/p>\n","protected":false},"featured_media":503,"comment_status":"open","ping_status":"closed","template":"","meta":[],"product_cat":[48,202],"product_tag":[220,219,214,154,51,109,55],"_links":{"self":[{"href":"http:\/\/www.adflyrods.ch\/index.php?rest_route=\/wp\/v2\/product\/566"}],"collection":[{"href":"http:\/\/www.adflyrods.ch\/index.php?rest_route=\/wp\/v2\/product"}],"about":[{"href":"http:\/\/www.adflyrods.ch\/index.php?rest_route=\/wp\/v2\/types\/product"}],"replies":[{"embeddable":true,"href":"http:\/\/www.adflyrods.ch\/index.php?rest_route=%2Fwp%2Fv2%2Fcomments&post=566"}],"wp:featuredmedia":[{"embeddable":true,"href":"http:\/\/www.adflyrods.ch\/index.php?rest_route=\/wp\/v2\/media\/503"}],"wp:attachment":[{"href":"http:\/\/www.adflyrods.ch\/index.php?rest_route=%2Fwp%2Fv2%2Fmedia&parent=566"}],"wp:term":[{"taxonomy":"product_cat","embeddable":true,"href":"http:\/\/www.adflyrods.ch\/index.php?rest_route=%2Fwp%2Fv2%2Fproduct_cat&post=566"},{"taxonomy":"product_tag","embeddable":true,"href":"http:\/\/www.adflyrods.ch\/index.php?rest_route=%2Fwp%2Fv2%2Fproduct_tag&post=566"}],"curies":[{"name":"wp","href":"https:\/\/api.w.org\/{rel}","templated":true}]}}