{"id":541,"date":"2018-03-13T22:10:55","date_gmt":"2018-03-13T22:10:55","guid":{"rendered":"http:\/\/www.adflyrods.ch\/?post_type=product&#038;p=541"},"modified":"2018-03-19T21:56:06","modified_gmt":"2018-03-19T21:56:06","slug":"rec-nsu-tiger-mapel","status":"publish","type":"product","link":"http:\/\/www.adflyrods.ch\/?product=rec-nsu-tiger-mapel","title":{"rendered":"REC-NSU-TM # 5-9"},"content":{"rendered":"","protected":false},"excerpt":{"rendered":"<p>Wundersch\u00f6ner Nickel Silber Rollenhalter mit Auskerbung f\u00fcr Rollenfuss. Set mit Tiger Mapel (+15.-) k\u00f6nnen auch andere H\u00f6lzer erworben werden.<\/p>\n","protected":false},"featured_media":509,"comment_status":"closed","ping_status":"closed","template":"","meta":[],"product_cat":[48,202],"product_tag":[205,207,154,51,206,109,55,204],"_links":{"self":[{"href":"http:\/\/www.adflyrods.ch\/index.php?rest_route=\/wp\/v2\/product\/541"}],"collection":[{"href":"http:\/\/www.adflyrods.ch\/index.php?rest_route=\/wp\/v2\/product"}],"about":[{"href":"http:\/\/www.adflyrods.ch\/index.php?rest_route=\/wp\/v2\/types\/product"}],"replies":[{"embeddable":true,"href":"http:\/\/www.adflyrods.ch\/index.php?rest_route=%2Fwp%2Fv2%2Fcomments&post=541"}],"wp:featuredmedia":[{"embeddable":true,"href":"http:\/\/www.adflyrods.ch\/index.php?rest_route=\/wp\/v2\/media\/509"}],"wp:attachment":[{"href":"http:\/\/www.adflyrods.ch\/index.php?rest_route=%2Fwp%2Fv2%2Fmedia&parent=541"}],"wp:term":[{"taxonomy":"product_cat","embeddable":true,"href":"http:\/\/www.adflyrods.ch\/index.php?rest_route=%2Fwp%2Fv2%2Fproduct_cat&post=541"},{"taxonomy":"product_tag","embeddable":true,"href":"http:\/\/www.adflyrods.ch\/index.php?rest_route=%2Fwp%2Fv2%2Fproduct_tag&post=541"}],"curies":[{"name":"wp","href":"https:\/\/api.w.org\/{rel}","templated":true}]}}