{"id":538,"date":"2018-03-13T21:44:25","date_gmt":"2018-03-13T21:44:25","guid":{"rendered":"http:\/\/www.adflyrods.ch\/?post_type=product&#038;p=538"},"modified":"2018-03-13T23:45:09","modified_gmt":"2018-03-13T23:45:09","slug":"rec-rfts-titanium-smoke","status":"publish","type":"product","link":"http:\/\/www.adflyrods.ch\/?product=rec-rfts-titanium-smoke","title":{"rendered":"REC-RFTS TS #7-11"},"content":{"rendered":"","protected":false},"excerpt":{"rendered":"<p>Ein wundersch\u00f6ner Rollenhalter f\u00fcr schwere Einhandruten, Switch- und Zweihandruten. Eine zus\u00e4tzliche Kontermutter mit integriertem O-Ring garantiert den bombenfesten Sitz der Fliegenrolle. Die hochwertige Eloxierung der Materialoberfl\u00e4che erm\u00f6glicht gr\u00f6\u00dftm\u00f6glichen Korrosionsschutz selbst nach jahrelangem Einsatz im Salzwasser. Der Ring kann sich nicht um die eigene Achse drehen, er befindet sich immer in der gleichen Position.<\/p>\n<p>Farbe: Titanium Smoke<\/p>\n","protected":false},"featured_media":511,"comment_status":"open","ping_status":"closed","template":"","meta":[],"product_cat":[48,203],"product_tag":[110,79,51,201,109,55,111,112],"_links":{"self":[{"href":"http:\/\/www.adflyrods.ch\/index.php?rest_route=\/wp\/v2\/product\/538"}],"collection":[{"href":"http:\/\/www.adflyrods.ch\/index.php?rest_route=\/wp\/v2\/product"}],"about":[{"href":"http:\/\/www.adflyrods.ch\/index.php?rest_route=\/wp\/v2\/types\/product"}],"replies":[{"embeddable":true,"href":"http:\/\/www.adflyrods.ch\/index.php?rest_route=%2Fwp%2Fv2%2Fcomments&post=538"}],"wp:featuredmedia":[{"embeddable":true,"href":"http:\/\/www.adflyrods.ch\/index.php?rest_route=\/wp\/v2\/media\/511"}],"wp:attachment":[{"href":"http:\/\/www.adflyrods.ch\/index.php?rest_route=%2Fwp%2Fv2%2Fmedia&parent=538"}],"wp:term":[{"taxonomy":"product_cat","embeddable":true,"href":"http:\/\/www.adflyrods.ch\/index.php?rest_route=%2Fwp%2Fv2%2Fproduct_cat&post=538"},{"taxonomy":"product_tag","embeddable":true,"href":"http:\/\/www.adflyrods.ch\/index.php?rest_route=%2Fwp%2Fv2%2Fproduct_tag&post=538"}],"curies":[{"name":"wp","href":"https:\/\/api.w.org\/{rel}","templated":true}]}}