{"id":535,"date":"2018-03-13T21:48:14","date_gmt":"2018-03-13T21:48:14","guid":{"rendered":"http:\/\/www.adflyrods.ch\/?post_type=product&#038;p=535"},"modified":"2018-03-13T23:42:26","modified_gmt":"2018-03-13T23:42:26","slug":"rec-rsll-nickel-silber-7-11","status":"publish","type":"product","link":"http:\/\/www.adflyrods.ch\/?product=rec-rsll-nickel-silber-7-11","title":{"rendered":"REC-RSLL NS #7-11"},"content":{"rendered":"","protected":false},"excerpt":{"rendered":"<p>Ein wundersch\u00f6ner Rollenhalter f\u00fcr schwere Einhandruten, Switch- und Zweihandruten. Eine zus\u00e4tzliche Kontermutter mit integriertem O-Ring garantiert den bombenfesten Sitz der Fliegenrolle. Die hochwertige Eloxierung der Materialoberfl\u00e4che erm\u00f6glicht gr\u00f6\u00dftm\u00f6glichen Korrosionsschutz selbst nach jahrelangem Einsatz im Salzwasser.<\/p>\n<p>Farbe:Nickel Silver<\/p>\n","protected":false},"featured_media":515,"comment_status":"closed","ping_status":"closed","template":"","meta":[],"product_cat":[48,203],"product_tag":[110,154,212,200,51,109,199,55,111],"_links":{"self":[{"href":"http:\/\/www.adflyrods.ch\/index.php?rest_route=\/wp\/v2\/product\/535"}],"collection":[{"href":"http:\/\/www.adflyrods.ch\/index.php?rest_route=\/wp\/v2\/product"}],"about":[{"href":"http:\/\/www.adflyrods.ch\/index.php?rest_route=\/wp\/v2\/types\/product"}],"replies":[{"embeddable":true,"href":"http:\/\/www.adflyrods.ch\/index.php?rest_route=%2Fwp%2Fv2%2Fcomments&post=535"}],"wp:featuredmedia":[{"embeddable":true,"href":"http:\/\/www.adflyrods.ch\/index.php?rest_route=\/wp\/v2\/media\/515"}],"wp:attachment":[{"href":"http:\/\/www.adflyrods.ch\/index.php?rest_route=%2Fwp%2Fv2%2Fmedia&parent=535"}],"wp:term":[{"taxonomy":"product_cat","embeddable":true,"href":"http:\/\/www.adflyrods.ch\/index.php?rest_route=%2Fwp%2Fv2%2Fproduct_cat&post=535"},{"taxonomy":"product_tag","embeddable":true,"href":"http:\/\/www.adflyrods.ch\/index.php?rest_route=%2Fwp%2Fv2%2Fproduct_tag&post=535"}],"curies":[{"name":"wp","href":"https:\/\/api.w.org\/{rel}","templated":true}]}}