{"id":240,"date":"2017-05-20T11:13:38","date_gmt":"2017-05-20T11:13:38","guid":{"rendered":"http:\/\/www.adflyrods.ch\/wp\/?post_type=product&#038;p=240"},"modified":"2018-03-13T23:46:30","modified_gmt":"2018-03-13T23:46:30","slug":"rec-aluminium-rollenhalter-titanium-smoke-7-11-rsll","status":"publish","type":"product","link":"http:\/\/www.adflyrods.ch\/?product=rec-aluminium-rollenhalter-titanium-smoke-7-11-rsll","title":{"rendered":"REC-RSLL TS #7-12"},"content":{"rendered":"","protected":false},"excerpt":{"rendered":"<p>Ein wundersch\u00f6ner Rollenhalter f\u00fcr schwere Einhandruten, Switch- und Zweihandruten. Eine zus\u00e4tzliche Kontermutter mit integriertem O-Ring garantiert den bombenfesten Sitz der Fliegenrolle. Die hochwertige Eloxierung der Materialoberfl\u00e4che erm\u00f6glicht gr\u00f6\u00dftm\u00f6glichen Korrosionsschutz selbst nach jahrelangem Einsatz im Salzwasser.<\/p>\n<p>Farbe: Titanium Smoke<\/p>\n","protected":false},"featured_media":516,"comment_status":"closed","ping_status":"closed","template":"","meta":[],"product_cat":[48,203],"product_tag":[110,51,109,193,55,111,112],"_links":{"self":[{"href":"http:\/\/www.adflyrods.ch\/index.php?rest_route=\/wp\/v2\/product\/240"}],"collection":[{"href":"http:\/\/www.adflyrods.ch\/index.php?rest_route=\/wp\/v2\/product"}],"about":[{"href":"http:\/\/www.adflyrods.ch\/index.php?rest_route=\/wp\/v2\/types\/product"}],"replies":[{"embeddable":true,"href":"http:\/\/www.adflyrods.ch\/index.php?rest_route=%2Fwp%2Fv2%2Fcomments&post=240"}],"wp:featuredmedia":[{"embeddable":true,"href":"http:\/\/www.adflyrods.ch\/index.php?rest_route=\/wp\/v2\/media\/516"}],"wp:attachment":[{"href":"http:\/\/www.adflyrods.ch\/index.php?rest_route=%2Fwp%2Fv2%2Fmedia&parent=240"}],"wp:term":[{"taxonomy":"product_cat","embeddable":true,"href":"http:\/\/www.adflyrods.ch\/index.php?rest_route=%2Fwp%2Fv2%2Fproduct_cat&post=240"},{"taxonomy":"product_tag","embeddable":true,"href":"http:\/\/www.adflyrods.ch\/index.php?rest_route=%2Fwp%2Fv2%2Fproduct_tag&post=240"}],"curies":[{"name":"wp","href":"https:\/\/api.w.org\/{rel}","templated":true}]}}