{"id":225,"date":"2017-05-20T10:43:12","date_gmt":"2017-05-20T10:43:12","guid":{"rendered":"http:\/\/www.adflyrods.ch\/wp\/?post_type=product&#038;p=225"},"modified":"2018-03-13T23:30:35","modified_gmt":"2018-03-13T23:30:35","slug":"rec-aluminium-rollenhalter-black-5-8-rsls","status":"publish","type":"product","link":"http:\/\/www.adflyrods.ch\/?product=rec-aluminium-rollenhalter-black-5-8-rsls","title":{"rendered":"REC-RSLS Black                 #5-8"},"content":{"rendered":"","protected":false},"excerpt":{"rendered":"<p>Ein wundersch\u00f6ner Rollenhalter f\u00fcr leichtere Schnurklassen von 5-8. Eine zus\u00e4tzliche Kontermutter mit integriertem O-Ring garantiert den bombenfesten Sitz der Fliegenrolle. Die hochwertige Eloxierung der Materialoberfl\u00e4che erm\u00f6glicht gr\u00f6\u00dftm\u00f6glichen Korrosionsschutz selbst nach jahrelangem Einsatz im Salzwasser.<\/p>\n<p>&nbsp;<\/p>\n","protected":false},"featured_media":514,"comment_status":"closed","ping_status":"closed","template":"","meta":[],"product_cat":[48,203],"product_tag":[110,195,51,109,198,55,111],"_links":{"self":[{"href":"http:\/\/www.adflyrods.ch\/index.php?rest_route=\/wp\/v2\/product\/225"}],"collection":[{"href":"http:\/\/www.adflyrods.ch\/index.php?rest_route=\/wp\/v2\/product"}],"about":[{"href":"http:\/\/www.adflyrods.ch\/index.php?rest_route=\/wp\/v2\/types\/product"}],"replies":[{"embeddable":true,"href":"http:\/\/www.adflyrods.ch\/index.php?rest_route=%2Fwp%2Fv2%2Fcomments&post=225"}],"wp:featuredmedia":[{"embeddable":true,"href":"http:\/\/www.adflyrods.ch\/index.php?rest_route=\/wp\/v2\/media\/514"}],"wp:attachment":[{"href":"http:\/\/www.adflyrods.ch\/index.php?rest_route=%2Fwp%2Fv2%2Fmedia&parent=225"}],"wp:term":[{"taxonomy":"product_cat","embeddable":true,"href":"http:\/\/www.adflyrods.ch\/index.php?rest_route=%2Fwp%2Fv2%2Fproduct_cat&post=225"},{"taxonomy":"product_tag","embeddable":true,"href":"http:\/\/www.adflyrods.ch\/index.php?rest_route=%2Fwp%2Fv2%2Fproduct_tag&post=225"}],"curies":[{"name":"wp","href":"https:\/\/api.w.org\/{rel}","templated":true}]}}