{"id":192,"date":"2017-05-20T08:11:42","date_gmt":"2017-05-20T08:11:42","guid":{"rendered":"http:\/\/www.adflyrods.ch\/wp\/?post_type=product&#038;p=192"},"modified":"2017-05-20T08:11:42","modified_gmt":"2017-05-20T08:11:42","slug":"rec-schlangenringe-in-schwarz","status":"publish","type":"product","link":"http:\/\/www.adflyrods.ch\/?product=rec-schlangenringe-in-schwarz","title":{"rendered":"REC Schlangenringe in schwarz"},"content":{"rendered":"","protected":false},"excerpt":{"rendered":"<p>REC Components setzte mit der Entwicklung der Recoil Serie neue Ma\u00dfst\u00e4be bei Rutenringen. Ein spezielle Nickel\/Titanlegierung macht diese Ringe extrem leicht, unverw\u00fcstlich und korrosionsbest\u00e4ndig. Der gravierende Unterschied zum herk\u00f6mmlichen Rutenring liegt darin, dass man den Recoil Ring unter extremer Belastung zwar verformen kann, er anschlie\u00dfend jedoch wieder in seine Ausgangsform zur\u00fcckkehrt. All das macht diese Ringserie zur ersten Wahl bei anspruchsvollen Rutenbauern weltweit.<\/p>\n","protected":false},"featured_media":200,"comment_status":"closed","ping_status":"closed","template":"","meta":[],"product_cat":[49],"product_tag":[51,54,50,94],"_links":{"self":[{"href":"http:\/\/www.adflyrods.ch\/index.php?rest_route=\/wp\/v2\/product\/192"}],"collection":[{"href":"http:\/\/www.adflyrods.ch\/index.php?rest_route=\/wp\/v2\/product"}],"about":[{"href":"http:\/\/www.adflyrods.ch\/index.php?rest_route=\/wp\/v2\/types\/product"}],"replies":[{"embeddable":true,"href":"http:\/\/www.adflyrods.ch\/index.php?rest_route=%2Fwp%2Fv2%2Fcomments&post=192"}],"wp:featuredmedia":[{"embeddable":true,"href":"http:\/\/www.adflyrods.ch\/index.php?rest_route=\/wp\/v2\/media\/200"}],"wp:attachment":[{"href":"http:\/\/www.adflyrods.ch\/index.php?rest_route=%2Fwp%2Fv2%2Fmedia&parent=192"}],"wp:term":[{"taxonomy":"product_cat","embeddable":true,"href":"http:\/\/www.adflyrods.ch\/index.php?rest_route=%2Fwp%2Fv2%2Fproduct_cat&post=192"},{"taxonomy":"product_tag","embeddable":true,"href":"http:\/\/www.adflyrods.ch\/index.php?rest_route=%2Fwp%2Fv2%2Fproduct_tag&post=192"}],"curies":[{"name":"wp","href":"https:\/\/api.w.org\/{rel}","templated":true}]}}