{"id":350,"date":"2017-07-22T11:37:09","date_gmt":"2017-07-22T11:37:09","guid":{"rendered":"http:\/\/www.adflyrods.ch\/?page_id=350"},"modified":"2017-07-22T11:42:43","modified_gmt":"2017-07-22T11:42:43","slug":"customer-korkgriff","status":"publish","type":"page","link":"http:\/\/www.adflyrods.ch\/?page_id=350","title":{"rendered":"Customer Korkgriff"},"content":{"rendered":"<p>Du m\u00f6chtest selber eine Rute aufbauen oder restaurieren und ben\u00f6tigst einen sch\u00f6nen Korkgriff?<\/p>\n<p>Ich kann dir deinen pers\u00f6nlichen Griff produzieren mit bestem Portugiesischem Kork, nach deinen Massen und W\u00fcnschen.<\/p>\n<p>Ob klassisch oder mit Einlagen, mit Rubbercork Abschluss und Fighting But du hast die Wahl.<\/p>\n<p>Es stehen diverse Materialien zur Verf\u00fcgung !<\/p>\n","protected":false},"excerpt":{"rendered":"<p>Du m\u00f6chtest selber eine Rute aufbauen oder restaurieren und ben\u00f6tigst einen sch\u00f6nen Korkgriff? Ich kann dir deinen pers\u00f6nlichen Griff produzieren mit bestem Portugiesischem Kork, nach deinen Massen und W\u00fcnschen. Ob klassisch oder mit Einlagen, mit Rubbercork Abschluss und Fighting But du hast die Wahl. Es stehen diverse Materialien zur Verf\u00fcgung !<\/p>\n","protected":false},"author":1,"featured_media":353,"parent":338,"menu_order":0,"comment_status":"closed","ping_status":"closed","template":"","meta":[],"_links":{"self":[{"href":"http:\/\/www.adflyrods.ch\/index.php?rest_route=\/wp\/v2\/pages\/350"}],"collection":[{"href":"http:\/\/www.adflyrods.ch\/index.php?rest_route=\/wp\/v2\/pages"}],"about":[{"href":"http:\/\/www.adflyrods.ch\/index.php?rest_route=\/wp\/v2\/types\/page"}],"author":[{"embeddable":true,"href":"http:\/\/www.adflyrods.ch\/index.php?rest_route=\/wp\/v2\/users\/1"}],"replies":[{"embeddable":true,"href":"http:\/\/www.adflyrods.ch\/index.php?rest_route=%2Fwp%2Fv2%2Fcomments&post=350"}],"version-history":[{"count":3,"href":"http:\/\/www.adflyrods.ch\/index.php?rest_route=\/wp\/v2\/pages\/350\/revisions"}],"predecessor-version":[{"id":355,"href":"http:\/\/www.adflyrods.ch\/index.php?rest_route=\/wp\/v2\/pages\/350\/revisions\/355"}],"up":[{"embeddable":true,"href":"http:\/\/www.adflyrods.ch\/index.php?rest_route=\/wp\/v2\/pages\/338"}],"wp:featuredmedia":[{"embeddable":true,"href":"http:\/\/www.adflyrods.ch\/index.php?rest_route=\/wp\/v2\/media\/353"}],"wp:attachment":[{"href":"http:\/\/www.adflyrods.ch\/index.php?rest_route=%2Fwp%2Fv2%2Fmedia&parent=350"}],"curies":[{"name":"wp","href":"https:\/\/api.w.org\/{rel}","templated":true}]}}