{"id":32,"date":"2017-04-07T21:51:37","date_gmt":"2017-04-07T21:51:37","guid":{"rendered":"http:\/\/www.adflyrods.ch\/wp\/?page_id=32"},"modified":"2020-05-22T15:36:06","modified_gmt":"2020-05-22T15:36:06","slug":"ueber-mich","status":"publish","type":"page","link":"http:\/\/www.adflyrods.ch\/?page_id=32","title":{"rendered":"\u00dcBER MICH"},"content":{"rendered":"<p style=\"text-align: left;\">Es freut mich das Sie sich f\u00fcr mich und ADflyrods interessieren. Bin nun 37 Jahre alt und mehr als das halbe Leben mit dem Fliegerfischer Virus infiziert. Mit gut 10 Jahren hatte ich das erste mal eine Fliegenrute in der Hand und lies diese auch nicht mehr los. Schon von Anfang an band ich meine Fliegen selber und freute mich \u00fcber den Fangerfolg mit den selbst gemachten Mustern. Da ich von einem Handwerklichen Beruf komme, liegt mir das selber machen und versuche es immer wieder in diversen Bereichen. Vor 7 Jahren kam ich \u00a0dann das erste mal mit dem Rutenbau in Kontakt, durch Nicolas Hughes er baute mir meine erste Bambusrute und als Gegenzug \u00a0fertigte ich ihm ein sch\u00f6nes Bambus M\u00f6bel f\u00fcr die EWF. Gerne h\u00e4tte ich auch selber mal eine Rute gebaut, nur leider kam es vor seiner Abreise nicht mehr dazu. Im Januar 2015 war ich dann auf der Suche nach dem passenden Geschenk f\u00fcr meinen Stiefvater, zu seiner Pensionierung. Es sollte etwas spezielles und pers\u00f6nliches sein. Der Wunsch und die Idee im eine selbstgebaute Fliegenrute aus Bambus zu schenken war (wieder)geboren. So ging ich ins Internet und suchte nach Hilfe, die ich schliesslich bei Philipp Sicher fand. An einem verl\u00e4ngerten Wochenende mit viel schweiss und Arbeit f\u00fchrte er mich in die Kunst des Rutenbaus ein. Es war faszinierend wie man von Hand so etwas genaues erschaffen konnte. Das wollte ich weiter verfolgen dachte ich mir. Nach kurzer Zeit bestellte ich das n\u00f6tigste und fertigte diverse Hilfsmittel an um selber in meiner kleinen Werkstatt mit dem Rutenbau zu beginnen. Es ist noch kein Meister vom Himmel gefallen, aber zum Gl\u00fcck und zu meiner Zufriedenheit sind mir schon einige gute St\u00fccke gelungen, die ich und meine Freunde mit viel Freude fischen.<\/p>\n<p>So genug geschwafelt ich muss in die Werkstatt \ud83d\ude42<\/p>\n","protected":false},"excerpt":{"rendered":"<p>Es freut mich das Sie sich f\u00fcr mich und ADflyrods interessieren. Bin nun 37 Jahre alt und mehr als das halbe Leben mit dem Fliegerfischer Virus infiziert. Mit gut 10 Jahren hatte ich das erste mal eine Fliegenrute in der Hand und lies diese auch nicht mehr los. Schon von Anfang an band ich meine [&hellip;]<\/p>\n","protected":false},"author":1,"featured_media":0,"parent":130,"menu_order":0,"comment_status":"closed","ping_status":"closed","template":"template-fullwidth.php","meta":[],"_links":{"self":[{"href":"http:\/\/www.adflyrods.ch\/index.php?rest_route=\/wp\/v2\/pages\/32"}],"collection":[{"href":"http:\/\/www.adflyrods.ch\/index.php?rest_route=\/wp\/v2\/pages"}],"about":[{"href":"http:\/\/www.adflyrods.ch\/index.php?rest_route=\/wp\/v2\/types\/page"}],"author":[{"embeddable":true,"href":"http:\/\/www.adflyrods.ch\/index.php?rest_route=\/wp\/v2\/users\/1"}],"replies":[{"embeddable":true,"href":"http:\/\/www.adflyrods.ch\/index.php?rest_route=%2Fwp%2Fv2%2Fcomments&post=32"}],"version-history":[{"count":8,"href":"http:\/\/www.adflyrods.ch\/index.php?rest_route=\/wp\/v2\/pages\/32\/revisions"}],"predecessor-version":[{"id":797,"href":"http:\/\/www.adflyrods.ch\/index.php?rest_route=\/wp\/v2\/pages\/32\/revisions\/797"}],"up":[{"embeddable":true,"href":"http:\/\/www.adflyrods.ch\/index.php?rest_route=\/wp\/v2\/pages\/130"}],"wp:attachment":[{"href":"http:\/\/www.adflyrods.ch\/index.php?rest_route=%2Fwp%2Fv2%2Fmedia&parent=32"}],"curies":[{"name":"wp","href":"https:\/\/api.w.org\/{rel}","templated":true}]}}