{"id":130,"date":"2017-05-08T13:32:33","date_gmt":"2017-05-08T13:32:33","guid":{"rendered":"http:\/\/www.adflyrods.ch\/wp\/?page_id=130"},"modified":"2020-05-22T14:06:39","modified_gmt":"2020-05-22T14:06:39","slug":"ad-bambusruten","status":"publish","type":"page","link":"http:\/\/www.adflyrods.ch\/?page_id=130","title":{"rendered":"AD Bambusruten"},"content":{"rendered":"<p>Da ich den Bambus Rutenbau erst seit 4 Jahren aktiv betreibe m\u00f6chte ich mich noch nicht mit Perfektion br\u00fcsten. Meine erste Rute habe ich vor f\u00fcnf Jahren mit Hilfe und Aufsicht unter Philipp selber gemacht. In der Zwischenzeit konnte ich schon einige sch\u00f6ne Ruten anfertigen. Nun bin ich an einem Punkt angelangt wo ich vermehrt mit eigenen Taper herum experimentiere und leider nicht alles gleich auf den ersten Versuch dem entspricht was ich mir vorstellte. Doch mit meiner Pro Bam Serie, neu auch in der Klasse 4\/6\/8\/10\/12 ist mir ein Volltreffer gelungen. Power ohne Ende und trotzdem das volle Bamboo feeling . Die Klasse 10 ist perfekt f\u00fcr dich Hechtfischerei mit grossen Fliegen und Sinkschn\u00fcren. Die Klasse 6 f\u00fcr Egli und Seeforellen und bei 12 muss ich dir sicher nichts mehr erkl\u00e4ren.<\/p>\n<p>Aber bis jetzt alles sch\u00f6ne und fischbare Ruten aus Bambus. Wenn du Interesse an einer sch\u00f6nen von Hand angefertigten Rute hast und du mir dein Vertrauen schenkst, baue ich dir mit dem gr\u00f6\u00dften Vergn\u00fcgen deine Pers\u00f6nliche Rute.<\/p>\n<p>Da man so ein St\u00fcck gerne zuerst mal genauer unter die Lupe nimmt und sie gerne mal Probe wirft darfst du dich gerne unverbindlich bei mir melden. Da sich meine Werkstatt direkt neben einem kleinen Fl\u00fcsschen befindet hast du die M\u00f6glichkeit die Rute nicht nur auf der Wiese sondern direkt am Wasser zu testen. \u00dcber dein Interesse an einer ADflyrods Bambusrute w\u00fcrde ich mich sehr freuen.<\/p>\n","protected":false},"excerpt":{"rendered":"<p>Da ich den Bambus Rutenbau erst seit 4 Jahren aktiv betreibe m\u00f6chte ich mich noch nicht mit Perfektion br\u00fcsten. Meine erste Rute habe ich vor f\u00fcnf Jahren mit Hilfe und Aufsicht unter Philipp selber gemacht. In der Zwischenzeit konnte ich schon einige sch\u00f6ne Ruten anfertigen. Nun bin ich an einem Punkt angelangt wo ich vermehrt [&hellip;]<\/p>\n","protected":false},"author":1,"featured_media":380,"parent":0,"menu_order":0,"comment_status":"closed","ping_status":"closed","template":"template-fullwidth.php","meta":[],"_links":{"self":[{"href":"http:\/\/www.adflyrods.ch\/index.php?rest_route=\/wp\/v2\/pages\/130"}],"collection":[{"href":"http:\/\/www.adflyrods.ch\/index.php?rest_route=\/wp\/v2\/pages"}],"about":[{"href":"http:\/\/www.adflyrods.ch\/index.php?rest_route=\/wp\/v2\/types\/page"}],"author":[{"embeddable":true,"href":"http:\/\/www.adflyrods.ch\/index.php?rest_route=\/wp\/v2\/users\/1"}],"replies":[{"embeddable":true,"href":"http:\/\/www.adflyrods.ch\/index.php?rest_route=%2Fwp%2Fv2%2Fcomments&post=130"}],"version-history":[{"count":6,"href":"http:\/\/www.adflyrods.ch\/index.php?rest_route=\/wp\/v2\/pages\/130\/revisions"}],"predecessor-version":[{"id":766,"href":"http:\/\/www.adflyrods.ch\/index.php?rest_route=\/wp\/v2\/pages\/130\/revisions\/766"}],"wp:featuredmedia":[{"embeddable":true,"href":"http:\/\/www.adflyrods.ch\/index.php?rest_route=\/wp\/v2\/media\/380"}],"wp:attachment":[{"href":"http:\/\/www.adflyrods.ch\/index.php?rest_route=%2Fwp%2Fv2%2Fmedia&parent=130"}],"curies":[{"name":"wp","href":"https:\/\/api.w.org\/{rel}","templated":true}]}}